{"id":2500,"date":"2026-03-26T14:01:57","date_gmt":"2026-03-26T10:01:57","guid":{"rendered":"https:\/\/shs.ge\/?post_type=product&#038;p=2500"},"modified":"2026-03-26T14:15:58","modified_gmt":"2026-03-26T10:15:58","slug":"ip-video-domofon","status":"publish","type":"product","link":"https:\/\/shs.ge\/ka\/product\/ip-video-domofon\/","title":{"rendered":"IP Video Domofon"},"content":{"rendered":"<p>Door Station\/System Parameters<br \/>\nOperation System: Embedded Linux operation system<br \/>\nFlash: 32 MB<br \/>\nRAM: 128 MB<\/p>\n<p>Door Station\/Video Parameters<br \/>\nCamera: 2MP HD camera<br \/>\nNight Vision: Low illumination IR supplement mode:3 m<br \/>\nBacklight Compensation: Support<br \/>\nDigital Noise Reduction: Support<br \/>\nWDR: True WDR<br \/>\nField Of View: Horizontal: 129\u00b0 Vertical: 75\u00b0<br \/>\nVideo Compression Standard: H.264<br \/>\nStream: Main stream: 1080p@30fps, 720p@25fps Sub stream: D1@25fps<br \/>\nMotion Detection: Support<br \/>\nFlash-Avoid Frequency: 50 Hz, 60 Hz<\/p>\n<p>Door Station\/Audio Parameters<br \/>\nAudio Input: Built-in omnidirectional microphone<br \/>\nAudio Output: Built-in loudspeaker<br \/>\nAudio Quality: Noise suppression and echo cancellation<br \/>\nAudio Compression Standard: G.711 U<br \/>\nAudio Compression Rate: 64 Kbps<br \/>\nAudio Intercom: Two-way audio communication<\/p>\n<p>Door Station\/Network Parameters<br \/>\nNetwork Protocol: TCP\/IP, RSTP<br \/>\nWired Network: 10\/100 Mbps Ethernet<\/p>\n<p>Door Station\/Device Interfaces<br \/>\nRS-485: 1<br \/>\nAlarm Input: 4<br \/>\nDebugging Port: 1<br \/>\nGrounding: 1<br \/>\nTAMPER Switch: 1<\/p>\n<p>Door Station\/General<br \/>\nPower Consumption: \uff1c 10 W<br \/>\nWorking Temperature: -40\u00b0 C to 53\u00b0 C(-40\u00b0 F to 127.4\u00b0 F)<br \/>\nWorking Humidity: 10% to 95%<br \/>\nDimension: 138 mm \u00d7 65 mm \u00d7 27 mm<br \/>\nInstallation: Surface mounting<br \/>\nProtection Level: IP65<br \/>\nIndicator: 2<br \/>\nPower Supply: IEEE802.3af, standard PoE, 12 VDC<\/p>\n<p>Indoor Station\/System Parameters<br \/>\nOperation System: Embedded Linux operation system<br \/>\nMemory: 128 MB<br \/>\nFlash: 32 MB<\/p>\n<p>Indoor Station\/Display Parameters<br \/>\nDisplay Screen: 7-inch colorful TFT screen<br \/>\nDisplay Resolution: 1024 \u00d7 600<br \/>\nOperation Method: Capacitive touch screen<\/p>\n<p>Indoor Station\/Audio Parameters<br \/>\nAudio Input: Built-in omnidirectional microphone<br \/>\nAudio Output: Built-in loudspeaker<br \/>\nAudio Quality: Noise suppression and echo cancellation<br \/>\nAudio Compression Standard: G.711 U<br \/>\nAudio Compression Rate: 64 Kbps<\/p>\n<p>Indoor Station\/Network Parameters<br \/>\nWired Network: 10\/100 Mbps self-adaptive<br \/>\nWireless Network: Wi-Fi 802.11 b\/g\/n<br \/>\nProtocol: TCP\/IP, SIP, RTSP,<br \/>\nRS-485: 1 RJ-45 10\/100 Mbps self-adaptive,<\/p>\n<p>Indoor Station\/Device Interfaces<br \/>\nRS-485: 1<br \/>\nAlarm Input: 8-ch alarm inputs<br \/>\nRelay Output: 2<br \/>\nTF Card: Max to 32 G, SD 2.0 or lower version<\/p>\n<p>Indoor Station\/General<br \/>\nPower Consumption: \u2264 6 W<br \/>\nWorking Temperature: -10 \u00b0C to 55 \u00b0C (14 \u00b0F to 131 \u00b0F)<br \/>\nWorking Humidity: 10% to 90%<br \/>\nDimension (L X W X H): 200 mm \u00d7 140 mm \u00d7 15.1 mm (7.9&#8243; \u00d7 5.5&#8243; \u00d7 0.6&#8243;)<\/p>","protected":false},"excerpt":{"rendered":"<p>\u10d4\u10e1 \u10d0\u10e0\u10d8\u10e1 \u10d7\u10d0\u10dc\u10d0\u10db\u10d4\u10d3\u10e0\u10dd\u10d5\u10d4 \u10d3\u10d0 \u10e1\u10d0\u10d8\u10db\u10d4\u10d3\u10dd \u10db\u10dd\u10ec\u10e7\u10dd\u10d1\u10d8\u10da\u10dd\u10d1\u10d0 \u10ec\u10d5\u10d3\u10dd\u10db\u10d8\u10e1 \u10d9\u10dd\u10dc\u10e2\u10e0\u10dd\u10da\u10d8\u10e1\u10d0 \u10d3\u10d0 \u10d5\u10d8\u10d3\u10d4\u10dd \u10d3\u10dd\u10db\u10dd\u10e4\u10dd\u10dc\u10d8\u10e1 \u10e1\u10d8\u10e1\u10e2\u10d4\u10db\u10d4\u10d1\u10d8\u10e1\u10d7\u10d5\u10d8\u10e1. \u10e3\u10da\u10e2\u10e0\u10d0\u10e4\u10d0\u10e0\u10d7\u10dd \u10ee\u10d4\u10d3\u10d5\u10d8\u10e1 \u10d9\u10e3\u10d7\u10ee\u10d8\u10d7 (129\u00b0) 2 \u10db\u10d4\u10d2\u10d0\u10de\u10d8\u10e5\u10e1\u10d4\u10da\u10d8\u10d0\u10dc\u10d8 HD \u10d9\u10d0\u10db\u10d4\u10e0\u10d8\u10e1 \u10d3\u10d0 True WDR-\u10d8\u10e1 \u10ec\u10e7\u10d0\u10da\u10dd\u10d1\u10d8\u10d7, \u10de\u10d0\u10dc\u10d4\u10da\u10d8 \u10e3\u10d6\u10e0\u10e3\u10dc\u10d5\u10d4\u10da\u10e7\u10dd\u10e4\u10e1 \u10d9\u10e0\u10d8\u10e1\u10e2\u10d0\u10da\u10e3\u10e0\u10d0\u10d3 \u10e1\u10e3\u10e4\u10d7\u10d0 \u10e1\u10e3\u10e0\u10d0\u10d7\u10d4\u10d1\u10e1 \u10e0\u10d7\u10e3\u10da\u10d8 \u10d2\u10d0\u10dc\u10d0\u10d7\u10d4\u10d1\u10d8\u10e1 \u10d0\u10dc \u10e1\u10e0\u10e3\u10da\u10d8 \u10e1\u10d8\u10d1\u10dc\u10d4\u10da\u10d8\u10e1 \u10de\u10d8\u10e0\u10dd\u10d1\u10d4\u10d1\u10e8\u10d8\u10ea \u10d9\u10d8 (\u10d8\u10dc\u10e4\u10e0\u10d0\u10ec\u10d8\u10d7\u10d4\u10da\u10d8 \u10d2\u10d0\u10dc\u10d0\u10d7\u10d4\u10d1\u10d0 3 \u10db\u10d4\u10e2\u10e0\u10d0\u10db\u10d3\u10d4).<\/p>","protected":false},"featured_media":2501,"comment_status":"closed","ping_status":"closed","template":"","meta":[],"product_brand":[42],"product_cat":[29],"product_tag":[],"class_list":{"0":"post-2500","1":"product","2":"type-product","3":"status-publish","4":"has-post-thumbnail","6":"product_brand-hikvision","7":"product_cat-aksessuary","9":"first","10":"instock","11":"shipping-taxable","12":"purchasable","13":"product-type-simple"},"_links":{"self":[{"href":"https:\/\/shs.ge\/ka\/wp-json\/wp\/v2\/product\/2500","targetHints":{"allow":["GET"]}}],"collection":[{"href":"https:\/\/shs.ge\/ka\/wp-json\/wp\/v2\/product"}],"about":[{"href":"https:\/\/shs.ge\/ka\/wp-json\/wp\/v2\/types\/product"}],"replies":[{"embeddable":true,"href":"https:\/\/shs.ge\/ka\/wp-json\/wp\/v2\/comments?post=2500"}],"wp:featuredmedia":[{"embeddable":true,"href":"https:\/\/shs.ge\/ka\/wp-json\/wp\/v2\/media\/2501"}],"wp:attachment":[{"href":"https:\/\/shs.ge\/ka\/wp-json\/wp\/v2\/media?parent=2500"}],"wp:term":[{"taxonomy":"product_brand","embeddable":true,"href":"https:\/\/shs.ge\/ka\/wp-json\/wp\/v2\/product_brand?post=2500"},{"taxonomy":"product_cat","embeddable":true,"href":"https:\/\/shs.ge\/ka\/wp-json\/wp\/v2\/product_cat?post=2500"},{"taxonomy":"product_tag","embeddable":true,"href":"https:\/\/shs.ge\/ka\/wp-json\/wp\/v2\/product_tag?post=2500"}],"curies":[{"name":"wp","href":"https:\/\/api.w.org\/{rel}","templated":true}]}}