{"id":1690,"date":"2024-07-08T11:03:27","date_gmt":"2024-07-08T07:03:27","guid":{"rendered":"https:\/\/shs.ge\/?post_type=product&#038;p=1690"},"modified":"2025-11-13T11:13:26","modified_gmt":"2025-11-13T07:13:26","slug":"aqara-a100","status":"publish","type":"product","link":"https:\/\/shs.ge\/en\/product\/aqara-a100\/","title":{"rendered":"Aqara A100-Smart Door Lock"},"content":{"rendered":"<div class=\"layout widget-type_system_widget_v4_product_info_1\" data-widget-drop-item-id=\"59533694\">\n<div class=\"layout__content\">\n<div class=\"product-info\">\n<div id=\"product-description\" class=\"product-description static-text\">\n<div class=\"content-description static-text\">\n<p><strong>Home protection. Remote opening via app, fingerprint, mechanical key, NFC tags, event log, automation option. <\/strong>Aqara Door Lock A100 Zigbee Edition has an aluminum body. It will warn you about a hacking attempt and multiple incorrect password attempts. The device has a hidden keyboard - to activate it, you need to touch the touch panel. A fast and ergonomic fingerprint reader is built into the handle so that your thumb naturally touches it when opening the door.<\/p>\n<p><strong>Unlocking methods<\/strong><\/p>\n<ul>\n<li>Remotely via the Aqara Home app<\/li>\n<li>Fingerprint<\/li>\n<li>Pasword<\/li>\n<li>One-time password<\/li>\n<li>Temporary password<\/li>\n<li>Mechanical key<\/li>\n<li>NFC<\/li>\n<li>Via HomeKit, including the latest Apple Home Key feature<\/li>\n<li>\u0427\u0435\u0440\u0435\u0437 Google Assistant<\/li>\n<\/ul>\n<p><strong>Compatibility and communication protocols<\/strong><br \/>\nThe device supports two protocols: Zigbee 3.0 and Bluetooth. Via Zigbee, you can set up local automation with Aqara devices. And with Bluetooth, you can connect directly to your smartphone. A100 also works with HomeKit and Google Assistant.<\/p>\n<p><strong>Nutrition<\/strong><br \/>\nThe lock runs on 8 AA batteries, which will last up to 18 months. In any case, the A100 will remind you in advance of a low charge. But even if the batteries are dead, you can still open the lock with a mechanical key or power it via the Type-C port.<\/p>\n<\/div>\n<\/div>\n<div id=\"product-characteristics\" class=\"product-properties\">\n<div class=\"label-properties\"><strong>\u0425\u0430\u0440\u0430\u043a\u0442\u0435\u0440\u0438\u0441\u0442\u0438\u043a\u0438<\/strong><\/div>\n<div class=\"content-properties\">\n<div class=\"properties-items\">\n<div class=\"property\">\n<div class=\"property-name\">MOdel-ZNMS02ES<\/div>\n<div class=\"delimiter\"><\/div>\n<\/div>\n<div class=\"property\">\n<div class=\"property-name\">Color-Black<\/div>\n<div class=\"delimiter\"><\/div>\n<\/div>\n<div class=\"property\">\n<div class=\"property-name\">Communication protocol-Zigbee, Bluetooth 5.0, NFC<\/div>\n<div class=\"delimiter\"><\/div>\n<\/div>\n<div class=\"property\">\n<div class=\"property-name\">Operating temperature \u2013 -25\u00b0\u0421 \u2014 +55\u00b0C<\/div>\n<div class=\"delimiter\"><\/div>\n<\/div>\n<div class=\"property\">\n<div class=\"property-name\">Permissible humidity \u2013 0-93<\/div>\n<div class=\"delimiter\"><\/div>\n<\/div>\n<div class=\"property\">\n<div class=\"property-name\">Power \u2013 Replaceable AA battery; Emergency power via USB-C port (5V)<\/div>\n<div class=\"delimiter\"><\/div>\n<\/div>\n<div class=\"property\">\n<div class=\"property-name\">Dimensions \u2013 375 \u00d7 77 \u00d7 23.6 mm<\/div>\n<div class=\"delimiter\"><\/div>\n<\/div>\n<div class=\"property\">\n<div class=\"property-name\">Door thickness \u2013 40 \u2013 80 mm (standard)<\/div>\n<div class=\"delimiter\"><\/div>\n<\/div>\n<div class=\"property\">\n<div class=\"property-name\">Weight \u2013 3.6 kg \u10ec\u10dd\u10dc\u10d0 - 3,6 \u10d9\u10d2<\/div>\n<div class=\"delimiter\"><\/div>\n<\/div>\n<div class=\"property\">\n<div class=\"property-name\">Maximum number of users \u2013 50<\/div>\n<div class=\"delimiter\"><\/div>\n<\/div>\n<div class=\"property\">\n<div class=\"property-name\">Maximum number of NFC tags \u2013 25<\/div>\n<div class=\"delimiter\"><\/div>\n<\/div>\n<div class=\"property\">\n<div class=\"property-name\">Warranty \u2013 12 months<\/div>\n<div class=\"delimiter\"><\/div>\n<\/div>\n<div class=\"property\">\n<div class=\"property-name\">Package Contents \u2013 Front Plate \u00d7 1, Inner Plate \u00d7 1, Lock Case \u00d7 1, Cylinder Mechanism \u00d7 1, Emergency Key \u00d7 2, Lock Strike Plate \u00d7 1, Accessory Kit \u00d7 1, Mounting Template \u00d7 1, User Manual \u00d7 1<\/div>\n<div class=\"delimiter\"><\/div>\n<\/div>\n<div class=\"property\">\n<div class=\"property-name\">Note \u2013 Possibility of installing the lock on a door thicker than 80 mm (Additional option)<br \/>\n<a href=\"https:\/\/smartica.ge\/product\/aqara_a100\/\" tittle=\"smart lock aqara a100\" target=\"_blank\"><img decoding=\"async\" class=\"size-full wp-image-2426\" src=\"https:\/\/shs.ge\/wp-content\/uploads\/2025\/10\/1.png\" alt=\"smart home\" width=\"1\" height=\"1\" \/><\/a>\n<\/div>\n<div class=\"delimiter\"><\/div>\n<\/div>\n<\/div>\n<\/div>\n<\/div>\n<\/div>\n<\/div>\n<\/div>","protected":false},"excerpt":{"rendered":"<p>The Aqara A100 smart lock is the reliability and safety of your home, multiplied by the ability to remotely manage and control. Family members open the door using biometrics, cleaning or other personnel can make temporary or one-time passwords. If you install such a lock in your office, you will see the arrival\/departure time of each employee, and in the event of dismissal, you will not need to change the cylinder. The lock allows you to rent out real estate remotely and control the rental of housing by your realtors.<\/p>\n<p>Smart, stylish, technological \u2013 Aqara A100 Lock<\/p>","protected":false},"featured_media":1780,"comment_status":"closed","ping_status":"closed","template":"","meta":[],"product_brand":[],"product_cat":[30],"product_tag":[33,35,31,34,32],"class_list":{"0":"post-1690","1":"product","2":"type-product","3":"status-publish","4":"has-post-thumbnail","6":"product_cat-zamki","7":"product_tag-a100","8":"product_tag-aqara","9":"product_tag-smart-lock","10":"product_tag-batumi","11":"product_tag-umnyj-zamok","13":"first","14":"instock","15":"sale","16":"shipping-taxable","17":"purchasable","18":"product-type-simple"},"_links":{"self":[{"href":"https:\/\/shs.ge\/en\/wp-json\/wp\/v2\/product\/1690","targetHints":{"allow":["GET"]}}],"collection":[{"href":"https:\/\/shs.ge\/en\/wp-json\/wp\/v2\/product"}],"about":[{"href":"https:\/\/shs.ge\/en\/wp-json\/wp\/v2\/types\/product"}],"replies":[{"embeddable":true,"href":"https:\/\/shs.ge\/en\/wp-json\/wp\/v2\/comments?post=1690"}],"wp:featuredmedia":[{"embeddable":true,"href":"https:\/\/shs.ge\/en\/wp-json\/wp\/v2\/media\/1780"}],"wp:attachment":[{"href":"https:\/\/shs.ge\/en\/wp-json\/wp\/v2\/media?parent=1690"}],"wp:term":[{"taxonomy":"product_brand","embeddable":true,"href":"https:\/\/shs.ge\/en\/wp-json\/wp\/v2\/product_brand?post=1690"},{"taxonomy":"product_cat","embeddable":true,"href":"https:\/\/shs.ge\/en\/wp-json\/wp\/v2\/product_cat?post=1690"},{"taxonomy":"product_tag","embeddable":true,"href":"https:\/\/shs.ge\/en\/wp-json\/wp\/v2\/product_tag?post=1690"}],"curies":[{"name":"wp","href":"https:\/\/api.w.org\/{rel}","templated":true}]}}